{"id":189,"date":"2023-03-21T09:41:49","date_gmt":"2023-03-21T08:41:49","guid":{"rendered":"https:\/\/aupya.org\/?page_id=189"},"modified":"2023-03-21T10:13:38","modified_gmt":"2023-03-21T09:13:38","slug":"manifesto","status":"publish","type":"page","link":"https:\/\/aupya.org\/fr\/manifesto\/","title":{"rendered":"Manifesto"},"content":{"rendered":"<style type=\"text\/css\">\n:root {\n\t--icon-size: 6em;\n}\nhtml {\n\toverflow-x: hidden;\n\tbackground: black;\n}\nbody {\n\tfont-size: calc( 1em + .2vw);\n\ttext-align: center;\n\tfont-family: sans-serif;\n\tmargin: 0;\n\tpadding: 0;\n\tbackground: white;\n\tcolor: black;\n\tmin-width: 20em;\n\toverflow-x: hidden;\n\tborder: 2em solid black;\n\tborder-radius: 3em;\n}\n\nheader {\n\tz-index: 1;\n\tposition: relative;\n}\nheader svg {\n\tmargin-top: 5em;\n\twidth: 8em;\n}\n\nli {\n\tlist-style: none;\n\ttext-align: justify;\n\tmargin: 3em 1em;\n\tpadding: 0;\n\tline-height: 1.3em;\n\tposition: relative;\n\ttransition: 1s all ease;\n}\nli::before{\n\tbackground-image: url(\"https:\/\/aupya.org\/wp-content\/uploads\/2023\/03\/manifestIcons.png\");\n\tbackground-repeat: no-repeat;\n\tbackground-size: var(--icon-size);\n\theight: var(--icon-size);\n\twidth: var(--icon-size);\n\tdisplay: block;\n\tcontent: \"\";\n\topacity: 0.1;\n\tshape-outside: circle(30%);\n\tposition: absolute;\n\tmargin: 0 -4em;\n\ttop: 50%;\n\ttransform: translateY( calc(var(--icon-size) \/ -2));\n}\nul {\n\tmargin: 0;\n\tpadding: 0;\n\tperspective: 800px;\n}\nmain {\n\tpadding: 0;\n\tmargin: 0;\n}\nmain>div{\n\tmargin: 2.5em auto;\n\tmax-width: 40em;\n\tpadding: 0 3.5em;\n\tdisplay: inline-block;\n}\n\nli:nth-child(even) {\n\tpadding-left: 3em;\n}\nli:nth-child(odd) {\n\tpadding-right: 3em;\n}\nli:nth-child(even)::before {\n\tleft: 0;\n\tmargin-right: 3em;\n}\nli:nth-child(odd)::before {\n\tright: 0;\n\tmargin-left: 3em;\n}\n\n@media only screen and (max-width : 43em){\n\tli:nth-child(even) {\n\t\tmargin-right: -2em;\n\t\ttext-align: left;\n\t}\n\tli:nth-child(odd) {\n\t\tmargin-left: -2em;\n\t\ttext-align: right;\n\t}\n\tmain>div h1,\n\tmain>div h4{\n\t\tmargin-left: -2em;\n\t\tmargin-right: -2em;\n\t}\n}\n\nli:nth-child(2)::before {\n\tbackground-position: 0 calc(-1 * var(--icon-size));\n}\nli:nth-child(3)::before {\n\tbackground-position: 0 calc(-2 * var(--icon-size));\n}\nli:nth-child(4)::before {\n\tbackground-position: 0 calc(-3 * var(--icon-size));\n}\nli:nth-child(5)::before {\n\tbackground-position: 0 calc(-4 * var(--icon-size));\n}\nli:nth-child(6)::before {\n\tbackground-position: 0 calc(-5 * var(--icon-size));\n}\nli:nth-child(7)::before {\n\tbackground-position: 0 calc(-6 * var(--icon-size));\n}\nli:nth-child(8)::before {\n\tbackground-position: 0 calc(-7 * var(--icon-size));\n}\nli:nth-child(9)::before {\n\tbackground-position: 0 calc(-8 * var(--icon-size));\n}\n\nfooter {\n\topacity: 0.8;\n\tpadding: 2em;\n}\nfooter a {\n\tcolor: darkgrey;\n}\n<\/style>\n\n\n<header>\n\t<a href=\"https:\/\/aupya.org\">\n\t\t<svg viewbox=\"0 0 75.96 78.874\" xml:space=\"preserve\" xmlns=\"http:\/\/www.w3.org\/2000\/svg\">\n  <path style=\"opacity:1;fill:none;fill-opacity:1;stroke:#fff;stroke-width:3.61851;stroke-linecap:round;stroke-linejoin:miter;stroke-miterlimit:4;stroke-dasharray:none;stroke-opacity:1;paint-order:normal\" d=\"M65.405 21.916c-21.434 0-46.143 56.177-31.957 70.934 2.117 2.203 5.402 4.321 10.804 4.321 5.401 0 8.643-2.16 10.804-4.321 1.662-1.662 2.68-3.336 3.31-6.105 2.108-.425 4.52-.747 7.039-.747 2.518 0 4.93.322 7.038.747.63 2.769 1.648 4.443 3.31 6.105 2.162 2.16 5.403 4.321 10.805 4.321s8.686-2.118 10.804-4.321c14.185-14.757-10.524-70.934-31.957-70.934Z\" transform=\"translate(-27.45 -20.107)\"><\/path>\n  <path style=\"opacity:1;fill:none;fill-opacity:1;stroke:#000;stroke-width:3.61851;stroke-linecap:round;stroke-linejoin:miter;stroke-miterlimit:4;stroke-dasharray:none;stroke-opacity:1;paint-order:normal\" d=\"M65.405 21.916c-21.434 0-46.143 56.177-31.957 70.934 2.117 2.203 5.402 4.321 10.804 4.321 5.401 0 8.643-2.16 10.804-4.321 1.662-1.662 2.68-3.336 3.31-6.105 2.108-.425 4.52-.747 7.039-.747 2.518 0 4.93.322 7.038.747.63 2.769 1.648 4.443 3.31 6.105 2.162 2.16 5.403 4.321 10.805 4.321s8.686-2.118 10.804-4.321c14.185-14.757-10.524-70.934-31.957-70.934Z\" transform=\"translate(-27.45 -20.107)\"><\/path>\n  <path style=\"opacity:1;fill:none;fill-opacity:1;stroke:#000;stroke-width:3.61851;stroke-linecap:round;stroke-linejoin:miter;stroke-miterlimit:4;stroke-dasharray:none;stroke-opacity:1;paint-order:normal\" d=\"M74.192 29.257c-9.989.316-20.734 13.4-27.444 28.25C39.78 72.926 38.749 97.3 44.25 97.17c5.402 0 8.644-2.16 10.805-4.322 1.662-1.662 2.681-3.336 3.31-6.105 2.109-.425 4.52-.747 7.039-.747 2.518 0 4.93.322 7.038.747.629 2.769 1.648 4.443 3.31 6.105 2.161 2.161 5.403 4.322 10.805 4.322s8.686-2.12 10.804-4.322c10.097-10.504.485-41.991-13.623-59.27-1.218-1.393-5.657-4.247-9.203-4.323Z\" transform=\"translate(-27.45 -20.107)\"><\/path>\n  <path style=\"opacity:1;fill:none;fill-opacity:.72093;stroke:#000;stroke-width:3.61851;stroke-linecap:round;stroke-linejoin:miter;stroke-miterlimit:4;stroke-dasharray:none;stroke-opacity:1;paint-order:normal\" d=\"M65.405 32.508c-7.109 4.83-13.898 14.469-18.657 25.002-6.967 15.417-7.999 39.792-2.497 39.662 1.35 0 2.566-.136 3.664-.372a13.743 13.743 0 0 0 5.805-2.749c.488-.39.93-.796 1.336-1.2 1.662-1.663 2.681-3.337 3.31-6.106v0a41.375 41.375 0 0 1 2.489-.423 34.776 34.776 0 0 1 3.61-.31 30.459 30.459 0 0 1 2.805.04v0c1.533.093 3.004.29 4.367.538v0c.272.049.54.1.804.153.079.347.164.676.255.99.64 2.198 1.602 3.661 3.056 5.116.135.135.274.27.418.404v0c.143.135.29.269.444.401v0c.459.4.96.789 1.511 1.154v0c.184.122.373.241.568.358v0c.195.115.396.229.603.338v0c.207.109.42.215.64.316v0c.219.101.444.198.676.29v0c.465.185.956.35 1.476.493v0c1.039.285 2.192.477 3.476.542.32.016.65.026.988.026v0c5.5.128 4.468-24.246-2.498-39.662-4.76-10.533-11.548-20.171-18.657-25.002m0 0h.01\" transform=\"translate(-27.45 -20.107)\"><\/path>\n<\/svg>\n\n\t<\/a>\n<\/header>\n<main>\n\t<div>\n\t<h1>Manifeste d&#8217;AUPYA<\/h1>\n\t<h4>Cette association a pour objet d\u2019am\u00e9liorer la qualit\u00e9 de vie de chacun, de retrouver du lien social, du commun et de s\u2019assurer de la pr\u00e9servation d\u2019un environnement propice \u00e0 la vie.<\/h4>\n\t<ul>\n\t\t<li class=\" translation-block\">AUPYA vise \u00e0 agr\u00e9ger les actions d\u2019individus afin de cr\u00e9er, maintenir et am\u00e9liorer des <strong>initiatives durables<\/strong> ayant un impact structurel continu.<\/li>\n\t\t<li>Nous pensons les initiatives d&#8217;AUPYA comme des biens communs. Le plus grand nombre devrait pouvoir s&#8217;en emparer.<\/li>\n\t\t<li>Les initiatives sont mues par l&#8217;enthousiasme des membres. Nous sommes tous \u00e0 l&#8217;\u00e9coute pour permettre l&#8217;\u00e9panouissement des id\u00e9es et talents de chacun.<\/li>\n\t\t<li>Nous voyons grand, osons imp\u00e9tueusement et bravons les limites de ce qui semble possible pour nous emparer pleinement des th\u00e8mes propres \u00e0 notre r\u00e9flexion. C&#8217;est de nos r\u00eaves que nous puisons la force d&#8217;agir.<\/li>\n\t\t<li>La recherche permanente de meilleures m\u00e9thodes exige une ouverture d&#8217;esprit totale et ainsi de ne rien consid\u00e9rer comme absolu. De ce fait, AUPYA ne cesse d&#8217;\u00e9voluer. Seul est fix\u00e9 l&#8217;objet de l&#8217;association.<\/li>\n\t\t<li>L&#8217;humain a une perception, interpr\u00e9tation et restitution biais\u00e9es du r\u00e9el. Un raisonnement logique permet de d\u00e9velopper une r\u00e9flexion solide, mais ne change en rien le caract\u00e8re biais\u00e9 des pr\u00e9misses et des conclusions de ce raisonnement.<\/li>\n\t\t<li>Nous sommes pr\u00eats \u00e0 exploiter les r\u00e9seaux, biens culturels, et technologies actuellement pr\u00e9pond\u00e9rants, m\u00eame quand cela semble mettre en jeu des pratiques en d\u00e9saccord avec l&#8217;objet d&#8217;AUPYA.<\/li>\n\t\t<li>Les contributions occasionnelles servent \u00e0 d\u00e9marrer ou am\u00e9liorer des initiatives et non \u00e0 assurer leur p\u00e9rennit\u00e9.<\/li>\n\t\t<li class=\" translation-block\">Les propri\u00e9t\u00e9s avanc\u00e9es du vivant \u00e9mergent de celles de simples cellules. Nous pensons que, de m\u00eame, les individus gagnent en puissance lorsqu\u2019ils font soci\u00e9t\u00e9. Ainsi, <strong>il faut agir unis pour y arriver.<\/strong><\/li>\n\t<\/ul>\n<p><em>On est d\u00e9j\u00e0 en train de le faire.<\/em><\/p>\n\t<\/div>\n<\/main>\n\n<footer>\n<a href=\"https:\/\/aupya.org\">AUPYA.org<\/a>, association \u00e0 but non lucratif loi 1901<br><br>\n<a href=\"https:\/\/aupya.org\/en\/manifesto\/\">English<\/a> \u22c5 <a href=\"https:\/\/aupya.org\/fr\/manifesto\/\">Fran\u00e7ais<a>\n<\/footer>\n\n\n<style id=\"stylus-81\" type=\"text\/css\" class=\"stylus\">.trp-language-switcher-container{\n  display: flex;\n}\n.trp-language-switcher-container .trp-ls-shortcode-current-language{\n  display: none;\n}\n\n.trp-language-switcher-container .trp-ls-shortcode-language{\n  display: flex !important;\n  height: unset;\n  visibility: visible;\n}\n.trp-language-switcher-container .trp-ls-shortcode-language .trp-ls-shortcode-disabled-language {\n  display: block !important;\n}\n.trp-language-switcher > div {\n  box-sizing: unset;\n  padding: unset;\n  border: unset;\n  border-radius: unset;\n  background-image: unset;\n  background-position: unset;\n  background-size: unset;\n  background-repeat: unset;\n  background-color: unset;\n}<\/style>","protected":false},"excerpt":{"rendered":"<p>Manifeste d&#8217;AUPYA Cette association a pour objet d\u2019am\u00e9liorer la qualit\u00e9 de vie de chacun, de retrouver du lien social, du commun et de s\u2019assurer de la pr\u00e9servation d\u2019un environnement propice \u00e0 la vie. AUPYA vise \u00e0 agr\u00e9ger les actions d\u2019individus afin de cr\u00e9er, maintenir et am\u00e9liorer des initiatives durables ayant un impact structurel continu. Nous [&hellip;]<\/p>","protected":false},"author":1,"featured_media":0,"parent":0,"menu_order":0,"comment_status":"closed","ping_status":"closed","template":"wp-custom-template-blank","meta":[],"_links":{"self":[{"href":"https:\/\/aupya.org\/fr\/wp-json\/wp\/v2\/pages\/189"}],"collection":[{"href":"https:\/\/aupya.org\/fr\/wp-json\/wp\/v2\/pages"}],"about":[{"href":"https:\/\/aupya.org\/fr\/wp-json\/wp\/v2\/types\/page"}],"author":[{"embeddable":true,"href":"https:\/\/aupya.org\/fr\/wp-json\/wp\/v2\/users\/1"}],"replies":[{"embeddable":true,"href":"https:\/\/aupya.org\/fr\/wp-json\/wp\/v2\/comments?post=189"}],"version-history":[{"count":4,"href":"https:\/\/aupya.org\/fr\/wp-json\/wp\/v2\/pages\/189\/revisions"}],"predecessor-version":[{"id":199,"href":"https:\/\/aupya.org\/fr\/wp-json\/wp\/v2\/pages\/189\/revisions\/199"}],"wp:attachment":[{"href":"https:\/\/aupya.org\/fr\/wp-json\/wp\/v2\/media?parent=189"}],"curies":[{"name":"wp","href":"https:\/\/api.w.org\/{rel}","templated":true}]}}